{"id":9445,"date":"2022-02-10T09:41:50","date_gmt":"2022-02-10T08:41:50","guid":{"rendered":"https:\/\/museodigitaleolio.it\/it\/?page_id=9445"},"modified":"2023-05-21T11:00:38","modified_gmt":"2023-05-21T09:00:38","slug":"musei-dellolio","status":"publish","type":"page","link":"https:\/\/museodigitaleolio.it\/it\/musei-dellolio\/","title":{"rendered":"Musei dell&#8217;olio"},"content":{"rendered":"\n<h2 class=\"wp-block-heading\"><strong>Museo dell&#8217;olio di Casa Ligar\u00f3<\/strong><\/h2>\n\n\n\n<p>Casa Ligar\u00f2 si \u00e8 impegnata nel recupero di un antico frantoio situato nel <strong>centro storico di Cropani<\/strong> e che ospita oggi un Museo dell\u2019olio.<\/p>\n\n\n\n<p>All\u2019interno di questo autentico gioiello architettonico \u00e8 possibile ammirare, in particolare, le antiche macine in pietra granitica della Sila e un rarissimo sistema di presse e torchi in legno, risalente probabilmente al XVII sec. e tuttora perfettamente conservato.<\/p>\n\n\n\n<p>Contatti: Via Duomo, 48, 88051 Cropani CZ, Tel. e Fax +39.0961.961171 Cell. +39.320.1195229 \/ +39.334.8906310<\/p>\n\n\n\n<figure class=\"is-layout-flex wp-block-gallery-1 wp-block-gallery has-nested-images columns-default is-cropped\"><div class=\"wp-block-image\">\n<figure class=\"aligncenter size-large\"><img decoding=\"async\" loading=\"lazy\" width=\"442\" height=\"1024\" data-id=\"9724\"  src=\"https:\/\/museodigitaleolio.it\/it\/wp-content\/uploads\/sites\/2\/2023\/04\/Museo-Ligaro-1-442x1024.jpg\" alt=\"\" class=\"wp-image-9724\" srcset=\"https:\/\/museodigitaleolio.it\/it\/wp-content\/uploads\/sites\/2\/2023\/04\/Museo-Ligaro-1-442x1024.jpg 442w, https:\/\/museodigitaleolio.it\/it\/wp-content\/uploads\/sites\/2\/2023\/04\/Museo-Ligaro-1-129x300.jpg 129w, https:\/\/museodigitaleolio.it\/it\/wp-content\/uploads\/sites\/2\/2023\/04\/Museo-Ligaro-1-rotated.jpg 690w\" sizes=\"(max-width: 442px) 100vw, 442px\" \/><\/figure><\/div>\n\n<div class=\"wp-block-image\">\n<figure class=\"aligncenter size-large\"><img decoding=\"async\" loading=\"lazy\" width=\"1024\" height=\"442\" data-id=\"9725\"  src=\"https:\/\/museodigitaleolio.it\/it\/wp-content\/uploads\/sites\/2\/2023\/04\/Museo-Ligaro-2-1024x442.jpg\" alt=\"\" class=\"wp-image-9725\" srcset=\"https:\/\/museodigitaleolio.it\/it\/wp-content\/uploads\/sites\/2\/2023\/04\/Museo-Ligaro-2-1024x442.jpg 1024w, https:\/\/museodigitaleolio.it\/it\/wp-content\/uploads\/sites\/2\/2023\/04\/Museo-Ligaro-2-300x129.jpg 300w, https:\/\/museodigitaleolio.it\/it\/wp-content\/uploads\/sites\/2\/2023\/04\/Museo-Ligaro-2-768x331.jpg 768w, https:\/\/museodigitaleolio.it\/it\/wp-content\/uploads\/sites\/2\/2023\/04\/Museo-Ligaro-2-1536x662.jpg 1536w, https:\/\/museodigitaleolio.it\/it\/wp-content\/uploads\/sites\/2\/2023\/04\/Museo-Ligaro-2.jpg 1600w\" sizes=\"(max-width: 1024px) 100vw, 1024px\" \/><\/figure><\/div>\n\n\n<figure class=\"wp-block-image size-large\"><img decoding=\"async\" loading=\"lazy\" width=\"1024\" height=\"442\" data-id=\"9723\"  src=\"https:\/\/museodigitaleolio.it\/it\/wp-content\/uploads\/sites\/2\/2023\/04\/Museo-Ligaro-4-1024x442.jpg\" alt=\"\" class=\"wp-image-9723\" srcset=\"https:\/\/museodigitaleolio.it\/it\/wp-content\/uploads\/sites\/2\/2023\/04\/Museo-Ligaro-4-1024x442.jpg 1024w, https:\/\/museodigitaleolio.it\/it\/wp-content\/uploads\/sites\/2\/2023\/04\/Museo-Ligaro-4-300x129.jpg 300w, https:\/\/museodigitaleolio.it\/it\/wp-content\/uploads\/sites\/2\/2023\/04\/Museo-Ligaro-4-768x331.jpg 768w, https:\/\/museodigitaleolio.it\/it\/wp-content\/uploads\/sites\/2\/2023\/04\/Museo-Ligaro-4-1536x662.jpg 1536w, https:\/\/museodigitaleolio.it\/it\/wp-content\/uploads\/sites\/2\/2023\/04\/Museo-Ligaro-4.jpg 1600w\" sizes=\"(max-width: 1024px) 100vw, 1024px\" \/><\/figure>\n\n\n\n<figure class=\"wp-block-image size-large\"><img decoding=\"async\" loading=\"lazy\" width=\"1024\" height=\"442\" data-id=\"9722\"  src=\"https:\/\/museodigitaleolio.it\/it\/wp-content\/uploads\/sites\/2\/2023\/04\/Museo-Ligaro-3-1024x442.jpg\" alt=\"\" class=\"wp-image-9722\" srcset=\"https:\/\/museodigitaleolio.it\/it\/wp-content\/uploads\/sites\/2\/2023\/04\/Museo-Ligaro-3-1024x442.jpg 1024w, https:\/\/museodigitaleolio.it\/it\/wp-content\/uploads\/sites\/2\/2023\/04\/Museo-Ligaro-3-300x129.jpg 300w, https:\/\/museodigitaleolio.it\/it\/wp-content\/uploads\/sites\/2\/2023\/04\/Museo-Ligaro-3-768x331.jpg 768w, https:\/\/museodigitaleolio.it\/it\/wp-content\/uploads\/sites\/2\/2023\/04\/Museo-Ligaro-3-1536x662.jpg 1536w, https:\/\/museodigitaleolio.it\/it\/wp-content\/uploads\/sites\/2\/2023\/04\/Museo-Ligaro-3.jpg 1600w\" sizes=\"(max-width: 1024px) 100vw, 1024px\" \/><\/figure>\n<\/figure>\n\n\n\n<h2 class=\"wp-block-heading\"><strong>Museo Ludovico Noia &#8211; arte olearia e cultura contadina<\/strong><\/h2>\n\n\n\n<p>Il Museo ha sede nel <strong>Centro Storico di Trebisacce<\/strong>, \u00e8 situato in via dei Massari (gi\u00e0 Via dei Frantoi), nei pressi della Cappella S. Antonio. L&#8217;immobile originariamente era un frantoio inattivo da oltre un ventennio, precisamente dal 1934 e conosciuto come &#8220;&#8216;u trappitu &#8216;i Cinchillibre&#8221;, ed \u00e8 stato attivo fino al 1986. La struttura \u00e8 gestita in comodato d&#8217;uso gratuito dall&#8217;Associazione A.O.P.C.A. &#8220;L. Noia&#8221; (Associazione Onlus per la Promozione della Cultura e dell&#8217;Arte). Il museo, suddiviso in tre grandi sale, espone attrezzi per la molitura delle olive, vasche per la raccolta dell&#8217;olio e diversi oggetti della cultura contadina.<\/p>\n\n\n\n<p>I contatti del museo: Via dei Massari ex via dei Frantoi &#8211; 87075 Trebisacce (CS), mail: <a href=\"mailto:noia.s@libero.it\">noia.s@libero.it<\/a> , telefono: 338 9510816. Il nome deriva dal greco trapezkion, ossia &#8220;piccola tavola&#8221; per estensione &#8220;tavoliere&#8221;. Il nome si riferisce alle caratteristiche geografiche del sito ove sorge il paese. <br>Dal 2015 Trebisacce \u00e8 Bandiera Blu delle Spiagge, l&#8217;autorevole riconoscimento europeo assegnato dalla FEE (Foundation for Environmental Education) e dal 2018 Trebisacce risulta essere l&#8217;unico comune calabrese ad aver ottenuto il riconoscimento di Spighe Verdi dalla FEE<\/p>\n\n\n\n<figure class=\"wp-block-image size-full\"><img decoding=\"async\" loading=\"lazy\" width=\"698\" height=\"300\" src=\"https:\/\/museodigitaleolio.it\/it\/wp-content\/uploads\/sites\/2\/2023\/04\/Museo-Noia-2.jpeg\" alt=\"\" class=\"wp-image-9727\" srcset=\"https:\/\/museodigitaleolio.it\/it\/wp-content\/uploads\/sites\/2\/2023\/04\/Museo-Noia-2.jpeg 698w, https:\/\/museodigitaleolio.it\/it\/wp-content\/uploads\/sites\/2\/2023\/04\/Museo-Noia-2-300x129.jpeg 300w\" sizes=\"(max-width: 698px) 100vw, 698px\" \/><\/figure>\n\n\n\n<h2 class=\"wp-block-heading\"><strong>Antico oleificio &#8211; museo civico di Ricadi<\/strong><\/h2>\n\n\n\n<p>Il Museo demoetnoantropologico ha sede nell&#8217;<strong>oleificio Marcello Sculco <\/strong>che \u00e8 uno dei primi oleifici elettrificati del territorio calabrese. Nello spazio dedicato al mondo contadino si ricompongono le note del nostro passato collegato a ciascun oggetto esposto; accanto ai contenitori in ferro, ai &#8220;fiscoli&#8220; e alle macine utilizzati nell&#8217;oleificio, sono esposti gli aratri in legno e vari oggetti in uso alla civilt\u00e0 contadina ormai diventata patrimonio della nostra memoria collettiva. Nella suggestiva sala delle \u201cbreste\u201d, con i muri realizzati in mattoni di terra cruda, sono conservati antichi attrezzi per la filatura e la tessitura.<\/p>\n\n\n\n<p>Contatti e informazioni: telefono, 0963 663001; mail: <a href=\"mailto:museocivicoricadi@gmail.com\">museocivicoricadi@gmail.com<\/a> ; Piazza Municipio 1,<\/p>\n\n\n\n<p>89866 Ricadi, Vibo Valentia; aperture: marted\u00ec e gioved\u00ec 9.00 &#8211; 12:30.<\/p>\n\n\n\n<p>Il comune di Ricadi \u00e8 situato tra il golfo di Sant&#8217;Eufemia (Lamezia Terme &#8211; CZ) e quello di Gioia Tauro (RC). Proprio il promontorio di Capo Vaticano divide i due golfi calabresi. Adagiata alla base dell&#8217;altopiano del Monte Poro si estende fino al mare con il promontorio di Capo Vaticano. Interessanti i fondali di Formicoli, dove si pu\u00f2 ammirare una distesa di massi, per lo pi\u00f9 di roccia granitica, ricchi di fauna.<\/p>\n\n\n\n<p>l territorio di Ricadi \u00e8 abitato sin dai tempi remoti: gi\u00e0 dal periodo preistorico e precristiano. Ne sono testimoni i numerosi reperti archeologici rinvenuti, alcuni dei quali sono ben conservati al museo nazionale di Reggio Calabria.<\/p>\n\n\n\n<p>Greci, cartaginesi, romani, bizantini, arabi, normanni hanno inoltre segnato notevolmente il territorio, creando le prime infrastrutture viarie e difensive (torri a difesa delle coste e dei fiumi) e influenzando gli usi, la lingua (il dialetto) e i toponimi. Molti resti e reperti di indubbio valore archeologico sono tuttora visibili.<\/p>\n\n\n\n<figure class=\"is-layout-flex wp-block-gallery-3 wp-block-gallery has-nested-images columns-default is-cropped\"><div class=\"wp-block-image\">\n<figure class=\"aligncenter size-large\"><img decoding=\"async\" loading=\"lazy\" width=\"1024\" height=\"442\" data-id=\"9728\"  src=\"https:\/\/museodigitaleolio.it\/it\/wp-content\/uploads\/sites\/2\/2023\/04\/Museo-Ricadi-3-1024x442.jpg\" alt=\"\" class=\"wp-image-9728\" srcset=\"https:\/\/museodigitaleolio.it\/it\/wp-content\/uploads\/sites\/2\/2023\/04\/Museo-Ricadi-3-1024x442.jpg 1024w, https:\/\/museodigitaleolio.it\/it\/wp-content\/uploads\/sites\/2\/2023\/04\/Museo-Ricadi-3-300x129.jpg 300w, https:\/\/museodigitaleolio.it\/it\/wp-content\/uploads\/sites\/2\/2023\/04\/Museo-Ricadi-3-768x331.jpg 768w, https:\/\/museodigitaleolio.it\/it\/wp-content\/uploads\/sites\/2\/2023\/04\/Museo-Ricadi-3-1536x662.jpg 1536w, https:\/\/museodigitaleolio.it\/it\/wp-content\/uploads\/sites\/2\/2023\/04\/Museo-Ricadi-3.jpg 1600w\" sizes=\"(max-width: 1024px) 100vw, 1024px\" \/><\/figure><\/div>\n\n<div class=\"wp-block-image\">\n<figure class=\"aligncenter size-large\"><img decoding=\"async\" loading=\"lazy\" width=\"1024\" height=\"442\" data-id=\"9729\"  src=\"https:\/\/museodigitaleolio.it\/it\/wp-content\/uploads\/sites\/2\/2023\/04\/Museo-Ricadi-4-1024x442.jpg\" alt=\"\" class=\"wp-image-9729\" srcset=\"https:\/\/museodigitaleolio.it\/it\/wp-content\/uploads\/sites\/2\/2023\/04\/Museo-Ricadi-4-1024x442.jpg 1024w, https:\/\/museodigitaleolio.it\/it\/wp-content\/uploads\/sites\/2\/2023\/04\/Museo-Ricadi-4-300x129.jpg 300w, https:\/\/museodigitaleolio.it\/it\/wp-content\/uploads\/sites\/2\/2023\/04\/Museo-Ricadi-4-768x331.jpg 768w, https:\/\/museodigitaleolio.it\/it\/wp-content\/uploads\/sites\/2\/2023\/04\/Museo-Ricadi-4-1536x662.jpg 1536w, https:\/\/museodigitaleolio.it\/it\/wp-content\/uploads\/sites\/2\/2023\/04\/Museo-Ricadi-4.jpg 1600w\" sizes=\"(max-width: 1024px) 100vw, 1024px\" \/><\/figure><\/div>\n\n<div class=\"wp-block-image\">\n<figure class=\"aligncenter size-large\"><img decoding=\"async\" loading=\"lazy\" width=\"1024\" height=\"442\" data-id=\"9731\"  src=\"https:\/\/museodigitaleolio.it\/it\/wp-content\/uploads\/sites\/2\/2023\/04\/Museo-Ricadi-1-1024x442.jpg\" alt=\"\" class=\"wp-image-9731\" srcset=\"https:\/\/museodigitaleolio.it\/it\/wp-content\/uploads\/sites\/2\/2023\/04\/Museo-Ricadi-1-1024x442.jpg 1024w, https:\/\/museodigitaleolio.it\/it\/wp-content\/uploads\/sites\/2\/2023\/04\/Museo-Ricadi-1-300x129.jpg 300w, https:\/\/museodigitaleolio.it\/it\/wp-content\/uploads\/sites\/2\/2023\/04\/Museo-Ricadi-1-768x331.jpg 768w, https:\/\/museodigitaleolio.it\/it\/wp-content\/uploads\/sites\/2\/2023\/04\/Museo-Ricadi-1-1536x662.jpg 1536w, https:\/\/museodigitaleolio.it\/it\/wp-content\/uploads\/sites\/2\/2023\/04\/Museo-Ricadi-1.jpg 1600w\" sizes=\"(max-width: 1024px) 100vw, 1024px\" \/><\/figure><\/div>\n\n<div class=\"wp-block-image\">\n<figure class=\"aligncenter size-large\"><img decoding=\"async\" loading=\"lazy\" width=\"1024\" height=\"442\" data-id=\"9732\"  src=\"https:\/\/museodigitaleolio.it\/it\/wp-content\/uploads\/sites\/2\/2023\/04\/Museo-Ricadi-2-1024x442.jpg\" alt=\"\" class=\"wp-image-9732\" srcset=\"https:\/\/museodigitaleolio.it\/it\/wp-content\/uploads\/sites\/2\/2023\/04\/Museo-Ricadi-2-1024x442.jpg 1024w, https:\/\/museodigitaleolio.it\/it\/wp-content\/uploads\/sites\/2\/2023\/04\/Museo-Ricadi-2-300x129.jpg 300w, https:\/\/museodigitaleolio.it\/it\/wp-content\/uploads\/sites\/2\/2023\/04\/Museo-Ricadi-2-768x331.jpg 768w, https:\/\/museodigitaleolio.it\/it\/wp-content\/uploads\/sites\/2\/2023\/04\/Museo-Ricadi-2-1536x662.jpg 1536w, https:\/\/museodigitaleolio.it\/it\/wp-content\/uploads\/sites\/2\/2023\/04\/Museo-Ricadi-2.jpg 1600w\" sizes=\"(max-width: 1024px) 100vw, 1024px\" \/><\/figure><\/div><\/figure>\n\n\n\n<h2 class=\"wp-block-heading\"><strong>Museo della civilt\u00e0 contadina di Scido (RC)<\/strong><\/h2>\n\n\n\n<p>Il museo della cultura Calabrese di Scido \u00e8 ospitato presso <strong>palazzo Ruffo<\/strong>, edificio del 1875, sede della Biblioteca Comunale. Il Museo espone testimoniane materiali di antichi mestieri persi nella memoria del tempo. \u00c8 possibile visionare un <strong>vecchio frantoio in pietra<\/strong>, con una grande ruota porziana a trazione idraulica dei primi decenni del Novecento ancora funzionante. Sono esposti, inoltre, capi di vestiario pregiato e una raccolta di pezzi in terracotta. I contatti del museo: telefono 0966 964324, indirizzo: via Roma 49 &#8211; 89010 Scido (RC).<\/p>\n\n\n\n<p>Scido ha origini bizantine, per quanto alcune tracce facciano credere che l\u2019area fosse occupata fin dall\u2019epoca greco-romana. Nel 951 d.C., durante un\u2019invasione araba, i suoi abitanti terrorizzati si ritirarono verso l\u2019entroterra, dando origine al Borgo di Scido (Skydon, quando la lingua degli abitanti era greca, significa appunto \u201cluogo dai fitti boschi\u201d). Scido \u00e8 un comune della provincia di Reggio Calabria. Posto nel cuore della Aspromonte, \u00e8 delimitato dalle due fiumare Cresarini e Pietragrande. L&#8217;economia di Scido \u00e8 legata principalmente all&#8217;agricoltura ed all&#8217;artigianato locale e tra le maggiori produzioni ricordiamo le pipe intagliate a mano. Le origini del borgo sono molto antiche e alcuni studiosi le fanno risalire al periodo della dominazione romana.<\/p>\n\n\n\n<figure class=\"is-layout-flex wp-block-gallery-5 wp-block-gallery has-nested-images columns-default is-cropped\">\n<figure class=\"wp-block-image size-large\"><img decoding=\"async\" loading=\"lazy\" width=\"1024\" height=\"442\" data-id=\"9734\"  src=\"https:\/\/museodigitaleolio.it\/it\/wp-content\/uploads\/sites\/2\/2023\/04\/Museo-SCido-2-1024x442.jpg\" alt=\"\" class=\"wp-image-9734\" srcset=\"https:\/\/museodigitaleolio.it\/it\/wp-content\/uploads\/sites\/2\/2023\/04\/Museo-SCido-2-1024x442.jpg 1024w, https:\/\/museodigitaleolio.it\/it\/wp-content\/uploads\/sites\/2\/2023\/04\/Museo-SCido-2-300x129.jpg 300w, https:\/\/museodigitaleolio.it\/it\/wp-content\/uploads\/sites\/2\/2023\/04\/Museo-SCido-2-768x331.jpg 768w, https:\/\/museodigitaleolio.it\/it\/wp-content\/uploads\/sites\/2\/2023\/04\/Museo-SCido-2-1536x662.jpg 1536w, https:\/\/museodigitaleolio.it\/it\/wp-content\/uploads\/sites\/2\/2023\/04\/Museo-SCido-2.jpg 1600w\" sizes=\"(max-width: 1024px) 100vw, 1024px\" \/><\/figure>\n\n\n\n<figure class=\"wp-block-image size-large\"><img decoding=\"async\" loading=\"lazy\" width=\"1024\" height=\"442\" data-id=\"9733\"  src=\"https:\/\/museodigitaleolio.it\/it\/wp-content\/uploads\/sites\/2\/2023\/04\/Museo-Scido-1-1024x442.jpg\" alt=\"\" class=\"wp-image-9733\" srcset=\"https:\/\/museodigitaleolio.it\/it\/wp-content\/uploads\/sites\/2\/2023\/04\/Museo-Scido-1-1024x442.jpg 1024w, https:\/\/museodigitaleolio.it\/it\/wp-content\/uploads\/sites\/2\/2023\/04\/Museo-Scido-1-300x129.jpg 300w, https:\/\/museodigitaleolio.it\/it\/wp-content\/uploads\/sites\/2\/2023\/04\/Museo-Scido-1-768x331.jpg 768w, https:\/\/museodigitaleolio.it\/it\/wp-content\/uploads\/sites\/2\/2023\/04\/Museo-Scido-1-1536x662.jpg 1536w, https:\/\/museodigitaleolio.it\/it\/wp-content\/uploads\/sites\/2\/2023\/04\/Museo-Scido-1.jpg 1600w\" sizes=\"(max-width: 1024px) 100vw, 1024px\" \/><\/figure>\n<\/figure>\n\n\n\n<h2 class=\"wp-block-heading\"><strong>Museo dell\u2019olio di oliva e della civilt\u00e0 contadina \u2013 Zagarise<\/strong><\/h2>\n\n\n\n<p>Il museo nasce in un antico immobile realizzato in muratura tipica locale, composto da pietrame di diversa forma, ciottoli di fiume e cocci di argilla, all\u2019interno del quale \u00e8 stato recuperato un antico frantoio con macine in pietra. Il Museo dell\u2019olio di oliva e della civilt\u00e0 contadina di <strong>Zagarise (Catanzaro)<\/strong>\u00a0 \u00e8 una delle espressioni culturali del territorio, sorto per volont\u00e0 dell\u2019Ente Parco della Sila\u00a0 insieme al Museo della civilt\u00e0 agrosilvopastorale, delle Arti e delle Tradizioni di Albi (Catanzaro) e al Museo dell\u2019artigianato silano e della difesa del suolo di Longobucco (Cosenza).\u00a0 <br>Il Museo \u00e8 ambientato in un <strong>antico frantoio restaurato<\/strong> nel quale sono ancora visibili gli impianti per la lavorazione delle olive. Oltre ai pannelli esplicativi con testi e immagini, il percorso del museo offre filmati e diorami e naturalmente l\u2019esposizione di testimonianze materiali particolarmente significative all\u2019interno delle vetrine. La visita nelle sale del museo, disposte su due piani, si sviluppa in tre settori di approfondimento: Settore De gustibus, gli oli extravergini di oliva; Settore Olivo ed olio di oliva nella tradizione locale; Settore Albero della vita, l\u2019olivo nell\u2019erboristeria.<\/p>\n\n\n\n<p>Informazioni e contatti: Orari apertura Museo: h. 9:30-18:00 (tutti i giorni tranne il luned\u00ec) dal 16 marzo al 15 novembre \u2013 nei restanti mesi apertura su richiesta. Via Guglielmo Marconi, Zagarise, Calabria; telefono: +39 0984902838<\/p>\n\n\n\n<p>Zagarise (Saccharision in greco bizantino) \u00e8 un comune italiano della provincia di Catanzaro. L&#8217;antico borgo si apre nei pressi dei boschi della Sila e si divide in due nuclei: uno a ridosso della torre normanna e l&#8217;altro intorno alla chiesa madre. Il territorio comunale \u00e8 compreso tra 66 e 1690 metri sul livello del mare.<\/p>\n\n\n\n<figure class=\"is-layout-flex wp-block-gallery-7 wp-block-gallery has-nested-images columns-default is-cropped\">\n<figure class=\"wp-block-image size-large\"><img decoding=\"async\" loading=\"lazy\" width=\"1024\" height=\"442\" data-id=\"9736\"  src=\"https:\/\/museodigitaleolio.it\/it\/wp-content\/uploads\/sites\/2\/2023\/04\/Museo-Zagarise-2-1024x442.jpg\" alt=\"\" class=\"wp-image-9736\" srcset=\"https:\/\/museodigitaleolio.it\/it\/wp-content\/uploads\/sites\/2\/2023\/04\/Museo-Zagarise-2-1024x442.jpg 1024w, https:\/\/museodigitaleolio.it\/it\/wp-content\/uploads\/sites\/2\/2023\/04\/Museo-Zagarise-2-300x129.jpg 300w, https:\/\/museodigitaleolio.it\/it\/wp-content\/uploads\/sites\/2\/2023\/04\/Museo-Zagarise-2-768x331.jpg 768w, https:\/\/museodigitaleolio.it\/it\/wp-content\/uploads\/sites\/2\/2023\/04\/Museo-Zagarise-2-1536x662.jpg 1536w, https:\/\/museodigitaleolio.it\/it\/wp-content\/uploads\/sites\/2\/2023\/04\/Museo-Zagarise-2.jpg 1600w\" sizes=\"(max-width: 1024px) 100vw, 1024px\" \/><\/figure>\n\n\n\n<figure class=\"wp-block-image size-large\"><img decoding=\"async\" loading=\"lazy\" width=\"1024\" height=\"442\" data-id=\"9735\"  src=\"https:\/\/museodigitaleolio.it\/it\/wp-content\/uploads\/sites\/2\/2023\/04\/Museo-Zagarise-1-1024x442.jpg\" alt=\"\" class=\"wp-image-9735\" srcset=\"https:\/\/museodigitaleolio.it\/it\/wp-content\/uploads\/sites\/2\/2023\/04\/Museo-Zagarise-1-1024x442.jpg 1024w, https:\/\/museodigitaleolio.it\/it\/wp-content\/uploads\/sites\/2\/2023\/04\/Museo-Zagarise-1-300x129.jpg 300w, https:\/\/museodigitaleolio.it\/it\/wp-content\/uploads\/sites\/2\/2023\/04\/Museo-Zagarise-1-768x331.jpg 768w, https:\/\/museodigitaleolio.it\/it\/wp-content\/uploads\/sites\/2\/2023\/04\/Museo-Zagarise-1-1536x662.jpg 1536w, https:\/\/museodigitaleolio.it\/it\/wp-content\/uploads\/sites\/2\/2023\/04\/Museo-Zagarise-1.jpg 1600w\" sizes=\"(max-width: 1024px) 100vw, 1024px\" \/><\/figure>\n<\/figure>\n","protected":false},"excerpt":{"rendered":"<p>Museo dell&#8217;olio di Casa Ligar\u00f3 Casa Ligar\u00f2 si \u00e8 impegnata nel recupero di un antico frantoio situato nel centro storico<\/p>\n","protected":false},"author":11,"featured_media":9798,"parent":0,"menu_order":0,"comment_status":"closed","ping_status":"closed","template":"","meta":[],"acf":[],"_links":{"self":[{"href":"https:\/\/museodigitaleolio.it\/it\/wp-json\/wp\/v2\/pages\/9445"}],"collection":[{"href":"https:\/\/museodigitaleolio.it\/it\/wp-json\/wp\/v2\/pages"}],"about":[{"href":"https:\/\/museodigitaleolio.it\/it\/wp-json\/wp\/v2\/types\/page"}],"author":[{"embeddable":true,"href":"https:\/\/museodigitaleolio.it\/it\/wp-json\/wp\/v2\/users\/11"}],"replies":[{"embeddable":true,"href":"https:\/\/museodigitaleolio.it\/it\/wp-json\/wp\/v2\/comments?post=9445"}],"version-history":[{"count":7,"href":"https:\/\/museodigitaleolio.it\/it\/wp-json\/wp\/v2\/pages\/9445\/revisions"}],"predecessor-version":[{"id":10091,"href":"https:\/\/museodigitaleolio.it\/it\/wp-json\/wp\/v2\/pages\/9445\/revisions\/10091"}],"wp:featuredmedia":[{"embeddable":true,"href":"https:\/\/museodigitaleolio.it\/it\/wp-json\/wp\/v2\/media\/9798"}],"wp:attachment":[{"href":"https:\/\/museodigitaleolio.it\/it\/wp-json\/wp\/v2\/media?parent=9445"}],"curies":[{"name":"wp","href":"https:\/\/api.w.org\/{rel}","templated":true}]}}